{"id":17345,"date":"2023-02-17T17:36:16","date_gmt":"2023-02-17T16:36:16","guid":{"rendered":"https:\/\/dhoreca.nl\/product\/efepasa-yore-sigir-salami-16x150-gr\/"},"modified":"2024-07-11T08:46:33","modified_gmt":"2024-07-11T06:46:33","slug":"efepasa-yore-sigir-salami-16x150-gr","status":"publish","type":"product","link":"https:\/\/dhoreca.nl\/nl\/product\/efepasa-yore-sigir-salami-16x150-gr\/","title":{"rendered":"Efepasa Yore S\u0131g\u0131r Salami 16&#215;150 gr"},"content":{"rendered":"<p>Efepasa Yore S\u0131g\u0131r Salami 16&#215;150 gr<\/p>\n","protected":false},"excerpt":{"rendered":"<p>Efepasa Yore S\u0131g\u0131r Salami 16&#215;150 gr<\/p>\n","protected":false},"featured_media":0,"comment_status":"open","ping_status":"closed","template":"","meta":[],"etheme_brands":[],"product_cat":[103],"product_tag":[],"class_list":{"0":"post-17345","1":"product","2":"type-product","3":"status-publish","5":"product_cat-andere-producten","7":"first","8":"onbackorder","9":"taxable","10":"shipping-taxable","11":"purchasable","12":"product-type-simple"},"jetpack_sharing_enabled":true,"_links":{"self":[{"href":"https:\/\/dhoreca.nl\/nl\/wp-json\/wp\/v2\/product\/17345","targetHints":{"allow":["GET"]}}],"collection":[{"href":"https:\/\/dhoreca.nl\/nl\/wp-json\/wp\/v2\/product"}],"about":[{"href":"https:\/\/dhoreca.nl\/nl\/wp-json\/wp\/v2\/types\/product"}],"replies":[{"embeddable":true,"href":"https:\/\/dhoreca.nl\/nl\/wp-json\/wp\/v2\/comments?post=17345"}],"version-history":[{"count":0,"href":"https:\/\/dhoreca.nl\/nl\/wp-json\/wp\/v2\/product\/17345\/revisions"}],"wp:attachment":[{"href":"https:\/\/dhoreca.nl\/nl\/wp-json\/wp\/v2\/media?parent=17345"}],"wp:term":[{"taxonomy":"brand","embeddable":true,"href":"https:\/\/dhoreca.nl\/nl\/wp-json\/wp\/v2\/etheme_brands?post=17345"},{"taxonomy":"product_cat","embeddable":true,"href":"https:\/\/dhoreca.nl\/nl\/wp-json\/wp\/v2\/product_cat?post=17345"},{"taxonomy":"product_tag","embeddable":true,"href":"https:\/\/dhoreca.nl\/nl\/wp-json\/wp\/v2\/product_tag?post=17345"}],"curies":[{"name":"wp","href":"https:\/\/api.w.org\/{rel}","templated":true}]}}