{"id":17348,"date":"2023-02-17T17:36:24","date_gmt":"2023-02-17T16:36:24","guid":{"rendered":"https:\/\/dhoreca.nl\/product\/efepasa-guven-dilim-sucuk-24x200-gr-1-doos\/"},"modified":"2024-08-28T20:03:13","modified_gmt":"2024-08-28T18:03:13","slug":"efepasa-guven-dilim-sucuk-24x200-gr-1-doos","status":"publish","type":"product","link":"https:\/\/dhoreca.nl\/nl\/product\/efepasa-guven-dilim-sucuk-24x200-gr-1-doos\/","title":{"rendered":"Efepasa Guven D\u0131l\u0131m Sucuk 24&#215;200 gr 1 Doos"},"content":{"rendered":"<p>Efepasa Guven D\u0131l\u0131m Sucuk 24&#215;200 gr 1 Doos<\/p>\n","protected":false},"excerpt":{"rendered":"<p>Efepasa Guven D\u0131l\u0131m Sucuk 24&#215;200 gr 1 Doos<\/p>\n","protected":false},"featured_media":0,"comment_status":"open","ping_status":"closed","template":"","meta":[],"etheme_brands":[],"product_cat":[103],"product_tag":[],"class_list":{"0":"post-17348","1":"product","2":"type-product","3":"status-publish","5":"product_cat-andere-producten","7":"first","8":"onbackorder","9":"taxable","10":"shipping-taxable","11":"purchasable","12":"product-type-simple"},"jetpack_sharing_enabled":true,"_links":{"self":[{"href":"https:\/\/dhoreca.nl\/nl\/wp-json\/wp\/v2\/product\/17348","targetHints":{"allow":["GET"]}}],"collection":[{"href":"https:\/\/dhoreca.nl\/nl\/wp-json\/wp\/v2\/product"}],"about":[{"href":"https:\/\/dhoreca.nl\/nl\/wp-json\/wp\/v2\/types\/product"}],"replies":[{"embeddable":true,"href":"https:\/\/dhoreca.nl\/nl\/wp-json\/wp\/v2\/comments?post=17348"}],"version-history":[{"count":0,"href":"https:\/\/dhoreca.nl\/nl\/wp-json\/wp\/v2\/product\/17348\/revisions"}],"wp:attachment":[{"href":"https:\/\/dhoreca.nl\/nl\/wp-json\/wp\/v2\/media?parent=17348"}],"wp:term":[{"taxonomy":"brand","embeddable":true,"href":"https:\/\/dhoreca.nl\/nl\/wp-json\/wp\/v2\/etheme_brands?post=17348"},{"taxonomy":"product_cat","embeddable":true,"href":"https:\/\/dhoreca.nl\/nl\/wp-json\/wp\/v2\/product_cat?post=17348"},{"taxonomy":"product_tag","embeddable":true,"href":"https:\/\/dhoreca.nl\/nl\/wp-json\/wp\/v2\/product_tag?post=17348"}],"curies":[{"name":"wp","href":"https:\/\/api.w.org\/{rel}","templated":true}]}}