{"id":17451,"date":"2023-03-04T11:50:12","date_gmt":"2023-03-04T10:50:12","guid":{"rendered":"https:\/\/dhoreca.nl\/product\/duru-koobbasi-kikkererwten-8-mm-12x-1-kg\/"},"modified":"2023-03-04T11:50:20","modified_gmt":"2023-03-04T10:50:20","slug":"duru-koobbasi-kikkererwten-8-mm-12x-1-kg","status":"publish","type":"product","link":"https:\/\/dhoreca.nl\/nl\/product\/duru-koobbasi-kikkererwten-8-mm-12x-1-kg\/","title":{"rendered":"Duru Koobba\u015f\u0131 Kikkererwten 8 mm 12x 1 Kg"},"content":{"rendered":"<p>Duru Koobba\u015f\u0131 Kikkererwten 8 mm 12x 1 Kg<\/p>\n","protected":false},"excerpt":{"rendered":"<p>Duru Koobba\u015f\u0131 Kikkererwten 8 mm 12x 1 Kg<\/p>\n","protected":false},"featured_media":0,"comment_status":"open","ping_status":"closed","template":"","meta":[],"etheme_brands":[],"product_cat":[103],"product_tag":[],"class_list":{"0":"post-17451","1":"product","2":"type-product","3":"status-publish","5":"product_cat-andere-producten","7":"first","8":"onbackorder","9":"taxable","10":"shipping-taxable","11":"purchasable","12":"product-type-simple"},"jetpack_sharing_enabled":true,"_links":{"self":[{"href":"https:\/\/dhoreca.nl\/nl\/wp-json\/wp\/v2\/product\/17451","targetHints":{"allow":["GET"]}}],"collection":[{"href":"https:\/\/dhoreca.nl\/nl\/wp-json\/wp\/v2\/product"}],"about":[{"href":"https:\/\/dhoreca.nl\/nl\/wp-json\/wp\/v2\/types\/product"}],"replies":[{"embeddable":true,"href":"https:\/\/dhoreca.nl\/nl\/wp-json\/wp\/v2\/comments?post=17451"}],"version-history":[{"count":0,"href":"https:\/\/dhoreca.nl\/nl\/wp-json\/wp\/v2\/product\/17451\/revisions"}],"wp:attachment":[{"href":"https:\/\/dhoreca.nl\/nl\/wp-json\/wp\/v2\/media?parent=17451"}],"wp:term":[{"taxonomy":"brand","embeddable":true,"href":"https:\/\/dhoreca.nl\/nl\/wp-json\/wp\/v2\/etheme_brands?post=17451"},{"taxonomy":"product_cat","embeddable":true,"href":"https:\/\/dhoreca.nl\/nl\/wp-json\/wp\/v2\/product_cat?post=17451"},{"taxonomy":"product_tag","embeddable":true,"href":"https:\/\/dhoreca.nl\/nl\/wp-json\/wp\/v2\/product_tag?post=17451"}],"curies":[{"name":"wp","href":"https:\/\/api.w.org\/{rel}","templated":true}]}}